{"id":1629,"date":"2025-08-11T15:19:51","date_gmt":"2025-08-11T07:19:51","guid":{"rendered":"https:\/\/gorayener.com\/?post_type=product&#038;p=1629"},"modified":"2025-08-11T15:19:51","modified_gmt":"2025-08-11T07:19:51","slug":"boitier-de-transformateur-dedie-a-la-production-denergie-photovoltaique","status":"publish","type":"product","link":"https:\/\/gorayener.com\/fr\/produit\/boitier-de-transformateur-dedie-a-la-production-denergie-photovoltaique\/","title":{"rendered":"Bo\u00eetier transformateur d\u00e9di\u00e9 pour production photovolta\u00efque"},"content":{"rendered":"","protected":false},"excerpt":{"rendered":"","protected":false},"featured_media":1630,"template":"","meta":[],"product_brand":[],"product_cat":[21],"product_tag":[],"class_list":{"0":"post-1629","1":"product","2":"type-product","3":"status-publish","4":"has-post-thumbnail","6":"product_cat-power-distribution-equipment","8":"first","9":"instock","10":"shipping-taxable","11":"product-type-simple"},"_links":{"self":[{"href":"https:\/\/gorayener.com\/fr\/wp-json\/wp\/v2\/product\/1629","targetHints":{"allow":["GET"]}}],"collection":[{"href":"https:\/\/gorayener.com\/fr\/wp-json\/wp\/v2\/product"}],"about":[{"href":"https:\/\/gorayener.com\/fr\/wp-json\/wp\/v2\/types\/product"}],"version-history":[{"count":0,"href":"https:\/\/gorayener.com\/fr\/wp-json\/wp\/v2\/product\/1629\/revisions"}],"wp:featuredmedia":[{"embeddable":true,"href":"https:\/\/gorayener.com\/fr\/wp-json\/wp\/v2\/media\/1630"}],"wp:attachment":[{"href":"https:\/\/gorayener.com\/fr\/wp-json\/wp\/v2\/media?parent=1629"}],"wp:term":[{"taxonomy":"product_brand","embeddable":true,"href":"https:\/\/gorayener.com\/fr\/wp-json\/wp\/v2\/product_brand?post=1629"},{"taxonomy":"product_cat","embeddable":true,"href":"https:\/\/gorayener.com\/fr\/wp-json\/wp\/v2\/product_cat?post=1629"},{"taxonomy":"product_tag","embeddable":true,"href":"https:\/\/gorayener.com\/fr\/wp-json\/wp\/v2\/product_tag?post=1629"}],"curies":[{"name":"wp","href":"https:\/\/api.w.org\/{rel}","templated":true}]}}