{"id":1920,"date":"2026-03-20T19:28:13","date_gmt":"2026-03-20T11:28:13","guid":{"rendered":"https:\/\/gorayener.com\/"},"modified":"2026-03-20T20:55:02","modified_gmt":"2026-03-20T12:55:02","slug":"sdw50h3","status":"publish","type":"product","link":"https:\/\/gorayener.com\/fr\/produit\/sdw50h3\/","title":{"rendered":"SDW50H3"},"content":{"rendered":"","protected":false},"excerpt":{"rendered":"<p>\u26a1 Haute performance : Topologie mono-\u00e9tage enti\u00e8rement en SiC avec algorithmes d\u00e9velopp\u00e9s en interne, indicateurs de base enti\u00e8rement impl\u00e9ment\u00e9s, surpassant les solutions traditionnelles \u00e0 deux \u00e9tages.<br \/>\n\u26a1 Personnalisation de pointe\u00a0: Personnalisation compl\u00e8te du sc\u00e9nario + contr\u00f4le ind\u00e9pendant de la propri\u00e9t\u00e9 intellectuelle, avec un service de livraison et un service apr\u00e8s-vente bien sup\u00e9rieurs \u00e0 ceux des produits similaires.<br \/>\n\u26a1 Rentabilit\u00e9 : Haute efficacit\u00e9 \u00e9nerg\u00e9tique, taille compacte et grande fiabilit\u00e9, r\u00e9duisant consid\u00e9rablement les co\u00fbts totaux du cycle de vie par rapport aux concurrents internationaux.<\/p>","protected":false},"featured_media":1908,"template":"","meta":[],"product_brand":[],"product_cat":[26,31],"product_tag":[],"class_list":{"0":"post-1920","1":"product","2":"type-product","3":"status-publish","4":"has-post-thumbnail","6":"product_cat-ac-dc-power-module","7":"product_cat-aidc-data-center-dc-power-supply-solutions","9":"first","10":"instock","11":"shipping-taxable","12":"product-type-simple"},"_links":{"self":[{"href":"https:\/\/gorayener.com\/fr\/wp-json\/wp\/v2\/product\/1920","targetHints":{"allow":["GET"]}}],"collection":[{"href":"https:\/\/gorayener.com\/fr\/wp-json\/wp\/v2\/product"}],"about":[{"href":"https:\/\/gorayener.com\/fr\/wp-json\/wp\/v2\/types\/product"}],"version-history":[{"count":3,"href":"https:\/\/gorayener.com\/fr\/wp-json\/wp\/v2\/product\/1920\/revisions"}],"predecessor-version":[{"id":1924,"href":"https:\/\/gorayener.com\/fr\/wp-json\/wp\/v2\/product\/1920\/revisions\/1924"}],"wp:featuredmedia":[{"embeddable":true,"href":"https:\/\/gorayener.com\/fr\/wp-json\/wp\/v2\/media\/1908"}],"wp:attachment":[{"href":"https:\/\/gorayener.com\/fr\/wp-json\/wp\/v2\/media?parent=1920"}],"wp:term":[{"taxonomy":"product_brand","embeddable":true,"href":"https:\/\/gorayener.com\/fr\/wp-json\/wp\/v2\/product_brand?post=1920"},{"taxonomy":"product_cat","embeddable":true,"href":"https:\/\/gorayener.com\/fr\/wp-json\/wp\/v2\/product_cat?post=1920"},{"taxonomy":"product_tag","embeddable":true,"href":"https:\/\/gorayener.com\/fr\/wp-json\/wp\/v2\/product_tag?post=1920"}],"curies":[{"name":"wp","href":"https:\/\/api.w.org\/{rel}","templated":true}]}}