{"id":1926,"date":"2026-03-20T20:59:39","date_gmt":"2026-03-20T12:59:39","guid":{"rendered":"https:\/\/gorayener.com\/"},"modified":"2026-03-26T08:21:58","modified_gmt":"2026-03-26T00:21:58","slug":"sdw50mbc1","status":"publish","type":"product","link":"https:\/\/gorayener.com\/fr\/produit\/sdw50mbc1\/","title":{"rendered":"SDW50MBC1"},"content":{"rendered":"","protected":false},"excerpt":{"rendered":"<p><strong>\u26a1 Pr\u00e9sentation du module DCDC bidirectionnel<\/strong><\/p>\n<p>Le SDW50MBC1 est un module DCDC bidirectionnel isol\u00e9 haute puissance. Gr\u00e2ce \u00e0 sa topologie \u00e0 un seul \u00e9tage, ses composants de puissance enti\u00e8rement en SiC et son algorithme d&#039;optimisation intelligent, il offre des performances exceptionnelles.<\/p>\n<p><strong>\u26a1 Caract\u00e9ristiques typiques d&#039;un module CCDC bidirectionnel\u00a0:<\/strong><\/p>\n<ul>\n<li>Rendement ultra-\u00e9lev\u00e9 \u00e0 pleine charge (&gt;98%)<\/li>\n<li>Protection ultra-\u00e9lev\u00e9e (solution d&#039;encapsulation par enrobage)<\/li>\n<li>Large plage de tension des deux c\u00f4t\u00e9s (C\u00f4t\u00e9 A : 300 V\u2013920 V \/ C\u00f4t\u00e9 B : 200 V\u20131000 V)<\/li>\n<\/ul>","protected":false},"featured_media":1927,"template":"","meta":[],"product_brand":[],"product_cat":[27,31],"product_tag":[],"class_list":{"0":"post-1926","1":"product","2":"type-product","3":"status-publish","4":"has-post-thumbnail","6":"product_cat-dc-dc-power-module","7":"product_cat-aidc-data-center-dc-power-supply-solutions","9":"first","10":"instock","11":"shipping-taxable","12":"product-type-simple"},"_links":{"self":[{"href":"https:\/\/gorayener.com\/fr\/wp-json\/wp\/v2\/product\/1926","targetHints":{"allow":["GET"]}}],"collection":[{"href":"https:\/\/gorayener.com\/fr\/wp-json\/wp\/v2\/product"}],"about":[{"href":"https:\/\/gorayener.com\/fr\/wp-json\/wp\/v2\/types\/product"}],"version-history":[{"count":1,"href":"https:\/\/gorayener.com\/fr\/wp-json\/wp\/v2\/product\/1926\/revisions"}],"predecessor-version":[{"id":1928,"href":"https:\/\/gorayener.com\/fr\/wp-json\/wp\/v2\/product\/1926\/revisions\/1928"}],"wp:featuredmedia":[{"embeddable":true,"href":"https:\/\/gorayener.com\/fr\/wp-json\/wp\/v2\/media\/1927"}],"wp:attachment":[{"href":"https:\/\/gorayener.com\/fr\/wp-json\/wp\/v2\/media?parent=1926"}],"wp:term":[{"taxonomy":"product_brand","embeddable":true,"href":"https:\/\/gorayener.com\/fr\/wp-json\/wp\/v2\/product_brand?post=1926"},{"taxonomy":"product_cat","embeddable":true,"href":"https:\/\/gorayener.com\/fr\/wp-json\/wp\/v2\/product_cat?post=1926"},{"taxonomy":"product_tag","embeddable":true,"href":"https:\/\/gorayener.com\/fr\/wp-json\/wp\/v2\/product_tag?post=1926"}],"curies":[{"name":"wp","href":"https:\/\/api.w.org\/{rel}","templated":true}]}}