{"id":321,"date":"2025-07-22T10:34:03","date_gmt":"2025-07-22T02:34:03","guid":{"rendered":"https:\/\/gorayener.com\/?post_type=product&#038;p=321"},"modified":"2025-08-02T10:33:17","modified_gmt":"2025-08-02T02:33:17","slug":"gra01-7kw-11kw-22kw","status":"publish","type":"product","link":"https:\/\/gorayener.com\/fr\/produit\/gra01-7kw-11kw-22kw\/","title":{"rendered":"GRA01 7kW\/11kW\/22kW"},"content":{"rendered":"","protected":false},"excerpt":{"rendered":"<p>\u26a1Le choix id\u00e9al pour la recharge de v\u00e9hicules \u00e9lectriques r\u00e9sidentiels et commerciaux<br \/>\n\u26a1Design \u00e9l\u00e9gant, ergonomique et personnalisable<br \/>\n\u26a1Class\u00e9 IP55 pour les applications int\u00e9rieures\/ext\u00e9rieures<br \/>\n\u26a1RFID\/App en option et ainsi de suite pour l&#039;authentification et la gestion des utilisateurs<br \/>\n\u26a1Protection multicouche pour la s\u00e9curit\u00e9 de l&#039;utilisateur<br \/>\nConnecteur de chargeur\u00a0: SAE J1772 (Type 1)\/IEC 62196-2 (Type 2)<br \/>\n\u26a1OCPP1.6JSON (sous r\u00e9serve de la derni\u00e8re version de l&#039;OCPP)<br \/>\n\u26a1Installation murale et sur pi\u00e9destal en option pour un gain de place ; convient \u00e0 une utilisation int\u00e9rieure\/ext\u00e9rieure<\/p>","protected":false},"featured_media":1230,"template":"","meta":[],"product_brand":[],"product_cat":[17],"product_tag":[],"class_list":{"0":"post-321","1":"product","2":"type-product","3":"status-publish","4":"has-post-thumbnail","6":"product_cat-eu-us-japanese-standard","8":"first","9":"instock","10":"shipping-taxable","11":"product-type-simple"},"_links":{"self":[{"href":"https:\/\/gorayener.com\/fr\/wp-json\/wp\/v2\/product\/321","targetHints":{"allow":["GET"]}}],"collection":[{"href":"https:\/\/gorayener.com\/fr\/wp-json\/wp\/v2\/product"}],"about":[{"href":"https:\/\/gorayener.com\/fr\/wp-json\/wp\/v2\/types\/product"}],"version-history":[{"count":0,"href":"https:\/\/gorayener.com\/fr\/wp-json\/wp\/v2\/product\/321\/revisions"}],"wp:featuredmedia":[{"embeddable":true,"href":"https:\/\/gorayener.com\/fr\/wp-json\/wp\/v2\/media\/1230"}],"wp:attachment":[{"href":"https:\/\/gorayener.com\/fr\/wp-json\/wp\/v2\/media?parent=321"}],"wp:term":[{"taxonomy":"product_brand","embeddable":true,"href":"https:\/\/gorayener.com\/fr\/wp-json\/wp\/v2\/product_brand?post=321"},{"taxonomy":"product_cat","embeddable":true,"href":"https:\/\/gorayener.com\/fr\/wp-json\/wp\/v2\/product_cat?post=321"},{"taxonomy":"product_tag","embeddable":true,"href":"https:\/\/gorayener.com\/fr\/wp-json\/wp\/v2\/product_tag?post=321"}],"curies":[{"name":"wp","href":"https:\/\/api.w.org\/{rel}","templated":true}]}}