{"id":326,"date":"2025-07-22T10:35:15","date_gmt":"2025-07-22T02:35:15","guid":{"rendered":"https:\/\/gorayener.com\/?post_type=product&#038;p=326"},"modified":"2026-03-19T19:56:23","modified_gmt":"2026-03-19T11:56:23","slug":"grd02-20kw-30kw","status":"publish","type":"product","link":"https:\/\/gorayener.com\/fr\/produit\/grd02-20kw-30kw\/","title":{"rendered":"GRD02 20kW\/30kW"},"content":{"rendered":"","protected":false},"excerpt":{"rendered":"<p>\u26a1Normes : CCS1, CCS2 et CHAdeMO<br \/>\n\u26a1Fonctionnement en r\u00e9seau ou autonome<br \/>\n\u26a1\u00c9cran tactile couleur 7\/10\u2033 avec une interface conviviale<br \/>\n\u26a1RFID\/App en option et ainsi de suite pour l&#039;authentification et la gestion des utilisateurs<br \/>\n\u26a1Protection multicouche pour la s\u00e9curit\u00e9 de l&#039;utilisateur<br \/>\n\u26a1Rendement &gt; 95% ; Facteur de puissance 0,98<br \/>\n\u26a1OCPP1.6JSON (sous r\u00e9serve de la derni\u00e8re version de l&#039;OCPP)<br \/>\n\u26a1Installation murale et sur pi\u00e9destal en option pour un gain de place ; convient \u00e0 une utilisation int\u00e9rieure\/ext\u00e9rieure<\/p>","protected":false},"featured_media":1859,"template":"","meta":[],"product_brand":[],"product_cat":[17],"product_tag":[],"class_list":{"0":"post-326","1":"product","2":"type-product","3":"status-publish","4":"has-post-thumbnail","6":"product_cat-eu-us-japanese-standard","8":"first","9":"instock","10":"shipping-taxable","11":"product-type-simple"},"_links":{"self":[{"href":"https:\/\/gorayener.com\/fr\/wp-json\/wp\/v2\/product\/326","targetHints":{"allow":["GET"]}}],"collection":[{"href":"https:\/\/gorayener.com\/fr\/wp-json\/wp\/v2\/product"}],"about":[{"href":"https:\/\/gorayener.com\/fr\/wp-json\/wp\/v2\/types\/product"}],"version-history":[{"count":1,"href":"https:\/\/gorayener.com\/fr\/wp-json\/wp\/v2\/product\/326\/revisions"}],"predecessor-version":[{"id":1880,"href":"https:\/\/gorayener.com\/fr\/wp-json\/wp\/v2\/product\/326\/revisions\/1880"}],"wp:featuredmedia":[{"embeddable":true,"href":"https:\/\/gorayener.com\/fr\/wp-json\/wp\/v2\/media\/1859"}],"wp:attachment":[{"href":"https:\/\/gorayener.com\/fr\/wp-json\/wp\/v2\/media?parent=326"}],"wp:term":[{"taxonomy":"product_brand","embeddable":true,"href":"https:\/\/gorayener.com\/fr\/wp-json\/wp\/v2\/product_brand?post=326"},{"taxonomy":"product_cat","embeddable":true,"href":"https:\/\/gorayener.com\/fr\/wp-json\/wp\/v2\/product_cat?post=326"},{"taxonomy":"product_tag","embeddable":true,"href":"https:\/\/gorayener.com\/fr\/wp-json\/wp\/v2\/product_tag?post=326"}],"curies":[{"name":"wp","href":"https:\/\/api.w.org\/{rel}","templated":true}]}}