{"id":1605,"date":"2025-08-11T12:37:21","date_gmt":"2025-08-11T04:37:21","guid":{"rendered":"https:\/\/gorayener.com\/?post_type=product&#038;p=1605"},"modified":"2025-08-11T12:37:21","modified_gmt":"2025-08-11T04:37:21","slug":"xgn15-12-ac-alta-tensao-encapsulada-em-metal-rmu","status":"publish","type":"product","link":"https:\/\/gorayener.com\/pt\/product\/xgn15-12-ac-alta-tensao-encapsulada-em-metal-rmu\/","title":{"rendered":"XGN15-12 RMU de alta tens\u00e3o CA com inv\u00f3lucro met\u00e1lico"},"content":{"rendered":"","protected":false},"excerpt":{"rendered":"","protected":false},"featured_media":1606,"template":"","meta":[],"product_brand":[],"product_cat":[21],"product_tag":[],"class_list":{"0":"post-1605","1":"product","2":"type-product","3":"status-publish","4":"has-post-thumbnail","6":"product_cat-power-distribution-equipment","8":"first","9":"instock","10":"shipping-taxable","11":"product-type-simple"},"_links":{"self":[{"href":"https:\/\/gorayener.com\/pt\/wp-json\/wp\/v2\/product\/1605","targetHints":{"allow":["GET"]}}],"collection":[{"href":"https:\/\/gorayener.com\/pt\/wp-json\/wp\/v2\/product"}],"about":[{"href":"https:\/\/gorayener.com\/pt\/wp-json\/wp\/v2\/types\/product"}],"version-history":[{"count":0,"href":"https:\/\/gorayener.com\/pt\/wp-json\/wp\/v2\/product\/1605\/revisions"}],"wp:featuredmedia":[{"embeddable":true,"href":"https:\/\/gorayener.com\/pt\/wp-json\/wp\/v2\/media\/1606"}],"wp:attachment":[{"href":"https:\/\/gorayener.com\/pt\/wp-json\/wp\/v2\/media?parent=1605"}],"wp:term":[{"taxonomy":"product_brand","embeddable":true,"href":"https:\/\/gorayener.com\/pt\/wp-json\/wp\/v2\/product_brand?post=1605"},{"taxonomy":"product_cat","embeddable":true,"href":"https:\/\/gorayener.com\/pt\/wp-json\/wp\/v2\/product_cat?post=1605"},{"taxonomy":"product_tag","embeddable":true,"href":"https:\/\/gorayener.com\/pt\/wp-json\/wp\/v2\/product_tag?post=1605"}],"curies":[{"name":"wp","href":"https:\/\/api.w.org\/{rel}","templated":true}]}}