{"id":311,"date":"2025-07-22T10:27:21","date_gmt":"2025-07-22T02:27:21","guid":{"rendered":"https:\/\/gorayener.com\/?post_type=product&#038;p=311"},"modified":"2025-08-02T09:25:24","modified_gmt":"2025-08-02T01:25:24","slug":"grd12-320-kw-360-kw-400-kw-480-kw","status":"publish","type":"product","link":"https:\/\/gorayener.com\/pt\/product\/grd12-320-kw-360-kw-400-kw-480-kw\/","title":{"rendered":"GRD12 320kW\/360kW\/400kW\/480kW"},"content":{"rendered":"","protected":false},"excerpt":{"rendered":"<p>\u26a1Recursos poderosos<br \/>\n\u26a1Forte compatibilidade<br \/>\n\u26a1F\u00e1cil manuten\u00e7\u00e3o<br \/>\n\u26a1Prote\u00e7\u00e3o segura<br \/>\n\u26a1Qualidade confi\u00e1vel<br \/>\n\u26a1Pagamento conveniente<\/p>","protected":false},"featured_media":1202,"template":"","meta":[],"product_brand":[],"product_cat":[15],"product_tag":[],"class_list":{"0":"post-311","1":"product","2":"type-product","3":"status-publish","4":"has-post-thumbnail","6":"product_cat-gb-standard","8":"first","9":"instock","10":"shipping-taxable","11":"product-type-simple"},"_links":{"self":[{"href":"https:\/\/gorayener.com\/pt\/wp-json\/wp\/v2\/product\/311","targetHints":{"allow":["GET"]}}],"collection":[{"href":"https:\/\/gorayener.com\/pt\/wp-json\/wp\/v2\/product"}],"about":[{"href":"https:\/\/gorayener.com\/pt\/wp-json\/wp\/v2\/types\/product"}],"version-history":[{"count":0,"href":"https:\/\/gorayener.com\/pt\/wp-json\/wp\/v2\/product\/311\/revisions"}],"wp:featuredmedia":[{"embeddable":true,"href":"https:\/\/gorayener.com\/pt\/wp-json\/wp\/v2\/media\/1202"}],"wp:attachment":[{"href":"https:\/\/gorayener.com\/pt\/wp-json\/wp\/v2\/media?parent=311"}],"wp:term":[{"taxonomy":"product_brand","embeddable":true,"href":"https:\/\/gorayener.com\/pt\/wp-json\/wp\/v2\/product_brand?post=311"},{"taxonomy":"product_cat","embeddable":true,"href":"https:\/\/gorayener.com\/pt\/wp-json\/wp\/v2\/product_cat?post=311"},{"taxonomy":"product_tag","embeddable":true,"href":"https:\/\/gorayener.com\/pt\/wp-json\/wp\/v2\/product_tag?post=311"}],"curies":[{"name":"wp","href":"https:\/\/api.w.org\/{rel}","templated":true}]}}