{"id":317,"date":"2025-07-22T10:29:29","date_gmt":"2025-07-22T02:29:29","guid":{"rendered":"https:\/\/gorayener.com\/?post_type=product&#038;p=317"},"modified":"2025-08-02T10:03:55","modified_gmt":"2025-08-02T02:03:55","slug":"grd06-360-kw-480-kw-600-kw-800-kw","status":"publish","type":"product","link":"https:\/\/gorayener.com\/pt\/product\/grd06-360-kw-480-kw-600-kw-800-kw\/","title":{"rendered":"GRD06 360kW\/480kW\/600kW\/800kW"},"content":{"rendered":"","protected":false},"excerpt":{"rendered":"<p>\u26a1Recursos poderosos<br \/>\n\u26a1Forte adaptabilidade<br \/>\n\u26a1Dissipa\u00e7\u00e3o t\u00e9rmica m\u00e1xima<br \/>\n\u26a1Prote\u00e7\u00e3o segura<br \/>\n\u26a1Qualidade confi\u00e1vel<br \/>\n\u26a1Regula\u00e7\u00e3o adaptativa<\/p>","protected":false},"featured_media":1221,"template":"","meta":[],"product_brand":[],"product_cat":[15],"product_tag":[],"class_list":{"0":"post-317","1":"product","2":"type-product","3":"status-publish","4":"has-post-thumbnail","6":"product_cat-gb-standard","8":"first","9":"instock","10":"shipping-taxable","11":"product-type-simple"},"_links":{"self":[{"href":"https:\/\/gorayener.com\/pt\/wp-json\/wp\/v2\/product\/317","targetHints":{"allow":["GET"]}}],"collection":[{"href":"https:\/\/gorayener.com\/pt\/wp-json\/wp\/v2\/product"}],"about":[{"href":"https:\/\/gorayener.com\/pt\/wp-json\/wp\/v2\/types\/product"}],"version-history":[{"count":0,"href":"https:\/\/gorayener.com\/pt\/wp-json\/wp\/v2\/product\/317\/revisions"}],"wp:featuredmedia":[{"embeddable":true,"href":"https:\/\/gorayener.com\/pt\/wp-json\/wp\/v2\/media\/1221"}],"wp:attachment":[{"href":"https:\/\/gorayener.com\/pt\/wp-json\/wp\/v2\/media?parent=317"}],"wp:term":[{"taxonomy":"product_brand","embeddable":true,"href":"https:\/\/gorayener.com\/pt\/wp-json\/wp\/v2\/product_brand?post=317"},{"taxonomy":"product_cat","embeddable":true,"href":"https:\/\/gorayener.com\/pt\/wp-json\/wp\/v2\/product_cat?post=317"},{"taxonomy":"product_tag","embeddable":true,"href":"https:\/\/gorayener.com\/pt\/wp-json\/wp\/v2\/product_tag?post=317"}],"curies":[{"name":"wp","href":"https:\/\/api.w.org\/{rel}","templated":true}]}}