{"id":321,"date":"2025-07-22T10:34:03","date_gmt":"2025-07-22T02:34:03","guid":{"rendered":"https:\/\/gorayener.com\/?post_type=product&#038;p=321"},"modified":"2025-08-02T10:33:17","modified_gmt":"2025-08-02T02:33:17","slug":"gra01-7kw-11kw-22kw","status":"publish","type":"product","link":"https:\/\/gorayener.com\/pt\/product\/gra01-7kw-11kw-22kw\/","title":{"rendered":"GRA01 7kW\/11kW\/22kW"},"content":{"rendered":"","protected":false},"excerpt":{"rendered":"<p>\u26a1A escolha ideal para carregamento de ve\u00edculos el\u00e9tricos residenciais e comerciais<br \/>\n\u26a1Design elegante, ergon\u00f4mico e personaliz\u00e1vel<br \/>\n\u26a1Classifica\u00e7\u00e3o IP55 para aplica\u00e7\u00f5es internas\/externas<br \/>\n\u26a1RFID\/Aplicativo opcional e assim por diante para autentica\u00e7\u00e3o e gerenciamento do usu\u00e1rio<br \/>\n\u26a1Prote\u00e7\u00e3o multicamadas para seguran\u00e7a do usu\u00e1rio<br \/>\n\u26a1Conector do carregador: SAE J1772 (Tipo 1)\/IEC 62196-2 (Tipo 2)<br \/>\n\u26a1OCPP1.6JSON (sujeito ao OCPP mais recente)<br \/>\n\u26a1Instala\u00e7\u00e3o opcional de montagem em parede e pedestal para economia de espa\u00e7o; adequado para uso interno\/externo<\/p>","protected":false},"featured_media":1230,"template":"","meta":[],"product_brand":[],"product_cat":[17],"product_tag":[],"class_list":{"0":"post-321","1":"product","2":"type-product","3":"status-publish","4":"has-post-thumbnail","6":"product_cat-eu-us-japanese-standard","8":"first","9":"instock","10":"shipping-taxable","11":"product-type-simple"},"_links":{"self":[{"href":"https:\/\/gorayener.com\/pt\/wp-json\/wp\/v2\/product\/321","targetHints":{"allow":["GET"]}}],"collection":[{"href":"https:\/\/gorayener.com\/pt\/wp-json\/wp\/v2\/product"}],"about":[{"href":"https:\/\/gorayener.com\/pt\/wp-json\/wp\/v2\/types\/product"}],"version-history":[{"count":0,"href":"https:\/\/gorayener.com\/pt\/wp-json\/wp\/v2\/product\/321\/revisions"}],"wp:featuredmedia":[{"embeddable":true,"href":"https:\/\/gorayener.com\/pt\/wp-json\/wp\/v2\/media\/1230"}],"wp:attachment":[{"href":"https:\/\/gorayener.com\/pt\/wp-json\/wp\/v2\/media?parent=321"}],"wp:term":[{"taxonomy":"product_brand","embeddable":true,"href":"https:\/\/gorayener.com\/pt\/wp-json\/wp\/v2\/product_brand?post=321"},{"taxonomy":"product_cat","embeddable":true,"href":"https:\/\/gorayener.com\/pt\/wp-json\/wp\/v2\/product_cat?post=321"},{"taxonomy":"product_tag","embeddable":true,"href":"https:\/\/gorayener.com\/pt\/wp-json\/wp\/v2\/product_tag?post=321"}],"curies":[{"name":"wp","href":"https:\/\/api.w.org\/{rel}","templated":true}]}}