{"id":332,"date":"2025-07-22T10:36:21","date_gmt":"2025-07-22T02:36:21","guid":{"rendered":"https:\/\/gorayener.com\/?post_type=product&#038;p=332"},"modified":"2026-03-19T20:41:35","modified_gmt":"2026-03-19T12:41:35","slug":"grd09-60-kw-120-kw-180-kw-240-kw","status":"publish","type":"product","link":"https:\/\/gorayener.com\/pt\/product\/grd09-60-kw-120-kw-180-kw-240-kw\/","title":{"rendered":"GRD09 60kW\/120kW\/180kW\/240kW"},"content":{"rendered":"","protected":false},"excerpt":{"rendered":"<p>\u26a1Padr\u00f5es: CCS1, CCS2 e CHAdeMO<br \/>\n\u26a1Opera\u00e7\u00e3o em rede ou aut\u00f4noma<br \/>\n\u26a1Tela sens\u00edvel ao toque colorida de 7\/10\u2033 com interface amig\u00e1vel<br \/>\n\u26a1RFID\/Aplicativo opcional e assim por diante para autentica\u00e7\u00e3o e gerenciamento do usu\u00e1rio<br \/>\n\u26a1Prote\u00e7\u00e3o multicamadas para seguran\u00e7a do usu\u00e1rio<br \/>\n\u26a1Efici\u00eancia&gt;95%; Fator de pot\u00eancia 0,98<br \/>\n\u26a1OCPP1.6JSON (sujeito ao OCPP mais recente)<br \/>\n\u26a1Ik10 e IP55; para economia de espa\u00e7o; adequado para uso interno\/externo<\/p>","protected":false},"featured_media":1873,"template":"","meta":[],"product_brand":[],"product_cat":[17],"product_tag":[],"class_list":{"0":"post-332","1":"product","2":"type-product","3":"status-publish","4":"has-post-thumbnail","6":"product_cat-eu-us-japanese-standard","8":"first","9":"instock","10":"shipping-taxable","11":"product-type-simple"},"_links":{"self":[{"href":"https:\/\/gorayener.com\/pt\/wp-json\/wp\/v2\/product\/332","targetHints":{"allow":["GET"]}}],"collection":[{"href":"https:\/\/gorayener.com\/pt\/wp-json\/wp\/v2\/product"}],"about":[{"href":"https:\/\/gorayener.com\/pt\/wp-json\/wp\/v2\/types\/product"}],"version-history":[{"count":3,"href":"https:\/\/gorayener.com\/pt\/wp-json\/wp\/v2\/product\/332\/revisions"}],"predecessor-version":[{"id":1900,"href":"https:\/\/gorayener.com\/pt\/wp-json\/wp\/v2\/product\/332\/revisions\/1900"}],"wp:featuredmedia":[{"embeddable":true,"href":"https:\/\/gorayener.com\/pt\/wp-json\/wp\/v2\/media\/1873"}],"wp:attachment":[{"href":"https:\/\/gorayener.com\/pt\/wp-json\/wp\/v2\/media?parent=332"}],"wp:term":[{"taxonomy":"product_brand","embeddable":true,"href":"https:\/\/gorayener.com\/pt\/wp-json\/wp\/v2\/product_brand?post=332"},{"taxonomy":"product_cat","embeddable":true,"href":"https:\/\/gorayener.com\/pt\/wp-json\/wp\/v2\/product_cat?post=332"},{"taxonomy":"product_tag","embeddable":true,"href":"https:\/\/gorayener.com\/pt\/wp-json\/wp\/v2\/product_tag?post=332"}],"curies":[{"name":"wp","href":"https:\/\/api.w.org\/{rel}","templated":true}]}}